{"id":2280,"date":"2026-03-18T15:40:29","date_gmt":"2026-03-18T20:40:29","guid":{"rendered":"https:\/\/sunvalleyinv.com\/?page_id=2280"},"modified":"2026-03-30T10:25:35","modified_gmt":"2026-03-30T15:25:35","slug":"vikram-sodhi","status":"publish","type":"page","link":"https:\/\/sunvalleyinv.com\/es\/team\/vikram-sodhi\/","title":{"rendered":"Vikram Sodhi"},"content":{"rendered":"<h2 class=\"wp-block-heading\">Socio Director y Cofundador<\/h2>\n\n\n\n<p>Vikram Sodhi es un inversionista privado enfocado en inversiones a largo plazo en el sector de metales y miner\u00eda, desplegando capital a trav\u00e9s de mercados p\u00fablicos y privados.<\/p>\n\n\n\n<p class=\"translation-block\">Es el Socio Director y Co-Fundador de <a href=\"https:\/\/sunvalleyinv.com\/es\/\" target=\"_blank\" rel=\"noreferrer noopener\">Sun Valley Investments<\/a>, una firma de capital privado que invierte recursos propios con una orientaci\u00f3n a largo plazo. La firma ha consolidado posiciones sustanciales de propiedad en Mineros S.A. (TSX: MSA) y <a href=\"https:\/\/canagoldresources.com\/\" target=\"_blank\" rel=\"noreferrer noopener\">Canagold Resources Ltd<\/a>. (TSX: CCM). Adopta un enfoque activo y de largo plazo para la asignaci\u00f3n de capital, el gobierno corporativo y el desarrollo estrat\u00e9gico.<\/p>\n\n\n\n<p class=\"translation-block\">El Sr. Sodhi se desempe\u00f1a como Vicepresidente de la Junta Directiva de <a href=\"https:\/\/www.mineros.com.co\/es-co\" target=\"_blank\" rel=\"noreferrer noopener\">Mineros S.A<\/a>.<\/p>\n\n\n\n<p class=\"translation-block\">Tambi\u00e9n se desempe\u00f1a como Presidente Ejecutivo de <a href=\"https:\/\/www.goldlogic.com\/\" target=\"_blank\" rel=\"noreferrer noopener\">Goldlogic Corp.<\/a>, a trav\u00e9s de la cual realiza inversiones en la estructura de capital, incluyendo financiamientos estructurados, regal\u00edas y acuerdos de compra de producci\u00f3n.<\/p>\n\n\n\n<p>In parallel with his investment activities, Vikram Sodhi is the Founder of the <a href=\"https:\/\/sodhifoundation.org\/\" target=\"_blank\" rel=\"noreferrer noopener\">Sodhi Foundation<\/a>, which supports research into novel treatments for PTSD, including psychedelic-assisted therapies, and invests in early childhood education and community development initiatives in underserved regions of Colombia and India. He has endowed a professorship at Yale School of Medicine dedicated to advancing research in psychedelic medicine.<\/p>\n\n\n\n<p>Earlier in his career, Vikram Sodhi co-founded and managed investment platforms across the United States, Latin America, and India, overseeing more than $2 billion of transactions in metals, mining, and affordable housing, and raising over $1 billion of institutional capital.<\/p>\n\n\n\n<p class=\"translation-block\">El Sr. Sodhi es graduado de la <a href=\"https:\/\/www.yale.edu\/\" target=\"_blank\" rel=\"noreferrer noopener\">Universidad de Yale<\/a>, donde fue beneficiario de una beca completa y realiz\u00f3 investigaciones en neurociencia en la Escuela de Medicina de Yale. Es miembro del Consejo del Presidente de Yale para Actividades Internacionales y un Sterling Fellow en la Universidad de Yale.<\/p>\n\n\n\n<p>Habla con fluidez cinco idiomas, incluyendo espa\u00f1ol y portugu\u00e9s.<\/p>","protected":false},"excerpt":{"rendered":"<p>Managing Partner &amp; Co-Founder Vikram Sodhi is a private investor focused on long-term investments in the metals and mining sector, deploying capital across public and private markets. He is the Managing Partner and Co-Founder of Sun Valley Investments, a privately held firm that invests proprietary capital with a long-term orientation. The firm has built substantial [&hellip;]<\/p>\n","protected":false},"author":1,"featured_media":1711,"parent":18,"menu_order":0,"comment_status":"closed","ping_status":"closed","template":"","meta":{"footnotes":""},"class_list":["post-2280","page","type-page","status-publish","has-post-thumbnail","hentry"],"_links":{"self":[{"href":"https:\/\/sunvalleyinv.com\/es\/wp-json\/wp\/v2\/pages\/2280","targetHints":{"allow":["GET"]}}],"collection":[{"href":"https:\/\/sunvalleyinv.com\/es\/wp-json\/wp\/v2\/pages"}],"about":[{"href":"https:\/\/sunvalleyinv.com\/es\/wp-json\/wp\/v2\/types\/page"}],"author":[{"embeddable":true,"href":"https:\/\/sunvalleyinv.com\/es\/wp-json\/wp\/v2\/users\/1"}],"replies":[{"embeddable":true,"href":"https:\/\/sunvalleyinv.com\/es\/wp-json\/wp\/v2\/comments?post=2280"}],"version-history":[{"count":8,"href":"https:\/\/sunvalleyinv.com\/es\/wp-json\/wp\/v2\/pages\/2280\/revisions"}],"predecessor-version":[{"id":2433,"href":"https:\/\/sunvalleyinv.com\/es\/wp-json\/wp\/v2\/pages\/2280\/revisions\/2433"}],"up":[{"embeddable":true,"href":"https:\/\/sunvalleyinv.com\/es\/wp-json\/wp\/v2\/pages\/18"}],"wp:featuredmedia":[{"embeddable":true,"href":"https:\/\/sunvalleyinv.com\/es\/wp-json\/wp\/v2\/media\/1711"}],"wp:attachment":[{"href":"https:\/\/sunvalleyinv.com\/es\/wp-json\/wp\/v2\/media?parent=2280"}],"curies":[{"name":"wp","href":"https:\/\/api.w.org\/{rel}","templated":true}]}}