{"id":443,"date":"2025-06-11T07:54:26","date_gmt":"2025-06-11T12:54:26","guid":{"rendered":"https:\/\/sunvalleyinv.com\/?page_id=443"},"modified":"2025-06-11T08:11:49","modified_gmt":"2025-06-11T13:11:49","slug":"canagold","status":"publish","type":"page","link":"https:\/\/sunvalleyinv.com\/es\/case-studies\/canagold\/","title":{"rendered":"Canagold"},"content":{"rendered":"<p class=\"translation-block\"><strong>Sun Valley Investments<\/strong>, el principal accionista de <strong>Canagold Resources Ltd.<\/strong> con una participaci\u00f3n del 39,27%, presenta un s\u00f3lido caso de negocio para invertir en Canagold, una <strong>empresa l\u00edder en exploraci\u00f3n y miner\u00eda de oro<\/strong> que cotiza en la <strong>Bolsa de Valores de Toronto (TSX Main Board)<\/strong> bajo el s\u00edmbolo <strong>CCM<\/strong>. Canagold se dedica al desarrollo de proyectos de oro de alta ley en <strong>Am\u00e9rica del Norte<\/strong>, con un enfoque estrat\u00e9gico en el <strong>proyecto New Polaris<\/strong> ubicado en Columbia Brit\u00e1nica.<\/p>\n\n\n\n<div class=\"wp-block-media-text is-stacked-on-mobile\"><figure class=\"wp-block-media-text__media\"><img decoding=\"async\" src=\"http:\/\/sunvalleyinv.com\/wp-content\/uploads\/2024\/08\/Canagold-Content-0-1024x768.jpg\" alt=\"\" class=\"wp-image-700 size-full\"\/><\/figure><div class=\"wp-block-media-text__content\">\n<p>As a major stakeholder, Sun Valley Investments plays a pivotal role in the success of Canagold Resources and the New Polaris Project. Their involvement underscores their confidence in the project\u2019s potential and Canagold\u2019s management. Sun Valley&#8217;s financial and technical support has been instrumental in advancing the project and will continue until the Feasibility Study (FS) is released. Their primary objective is to <strong>maximize value for shareholders<\/strong>, supporting the project&#8217;s progression towards feasibility while aligning with Canagold\u2019s strategies for <strong>sustainable and innovative mining practices.<\/strong> This partnership enhances financial stability and provides critical backing for the New Polaris Project&#8217;s development.<\/p>\n<\/div><\/div>\n\n\n\n<p>\nCanagold\u2019s flagship asset, the New Polaris project, is a 100% owned, past-producing, high-grade gold mine located in northwestern British Columbia. The project stands out due to its substantial indicated resource of 1.03 million ounces of gold and an inferred resource of 231,000 ounces. The latest NI 43-101 resource estimate dated April 20, 2023 updates the indicated resource with an 91% increase in indicated gold ounces, an 6% rise in indicated gold grade, and a 23% improvement in overall tonnage compared to the 2019 Preliminary Economic Assessment (PEA). The updated indicated resource now comprises 2.52Mt at 12.75 g\/t Au for approximately 1.03M oz Au (up from 1.4 Mt at 12.00 g\/t Au for 541k oz Au in the 2019 PEA). The inferred resources consist of 0.70Mt at 10.16 g\/t for 231k oz Au (down from 1.22Mt at 11.20 g\/t Au for 440k oz Au in&nbsp;the&nbsp;2019&nbsp;PEA).\n<\/p>\n\n\n\n<h3 class=\"wp-block-heading\"><strong>Recurso (conforme a NI 43-101)<\/strong><\/h3>\n\n\n\n<p><strong>New Polaris &#8211; Update Mineral Resorce Estimate and Comparison to the 2019 Resorce<\/strong><\/p>\n\n\n\n<table>\n    <tr>\n      <th rowspan=\"2\" class=\"text-white\">Classs<\/th>\n      <th rowspan=\"2\"class=\"text-white\">Cutoff<br>(Au g\/t)<\/th>\n      <th colspan=\"3\"class=\"text-white\">2023 Resource<\/th>\n      <th colspan=\"3\"class=\"text-white\">2019 Resource<\/th>\n      <th colspan=\"3\"class=\"text-white\">Difference as a Percent:<br>(2023-2019)\/2019<\/th>\n    <\/tr>\n    <tr class=\"subheader\">\n      <th>Tonnage<br>(ktonnes)<\/th>\n      <th>Au<br>(g\/t)<\/th>\n      <th>Au<br>(koz)<\/th>\n      <th>Tonnage<br>(ktonnes)<\/th>\n      <th>Au<br>(g\/t)<\/th>\n      <th>Au<br>(koz)<\/th>\n      <th>Tonnage<\/th>\n      <th>Au<br>Grade<\/th>\n      <th>Au<br>Metal<\/th>\n    <\/tr>\n  \n\n    <tr><td class=\"indicated\" rowspan=\"8\">Indicated<\/td><td class=\"center\"><b>3<\/b><\/td><td class=\"right\">3,118<\/td><td class=\"right\">11.21<\/td><td class=\"right\">1,124<\/td><td class=\"right\">1,798<\/td><td class=\"right\">10.40<\/td><td class=\"right\">601<\/td><td class=\"right\">73%<\/td><td class=\"right\">8%<\/td><td class=\"right\">87%<\/td><\/tr>\n    <tr class=\"highlight bold-bg\"><td class=\"center\">4<\/td><td class=\"right\">2,965<\/td><td class=\"right\">11.61<\/td><td class=\"right\">1,107<\/td><td class=\"right\">1,687<\/td><td class=\"right\">10.80<\/td><td class=\"right\">586<\/td><td class=\"right\">76%<\/td><td class=\"right\">8%<\/td><td class=\"right\">89%<\/td><\/tr>\n    <tr><td class=\"center\">5<\/td><td class=\"right\">2,769<\/td><td class=\"right\">12.11<\/td><td class=\"right\">1,078<\/td><td class=\"right\">1,556<\/td><td class=\"right\">11.30<\/td><td class=\"right\">565<\/td><td class=\"right\">78%<\/td><td class=\"right\">7%<\/td><td class=\"right\">91%<\/td><\/tr>\n    <tr><td class=\"center\">6<\/td><td class=\"right\">2,525<\/td><td class=\"right\">12.75<\/td><td class=\"right\">1,035<\/td><td class=\"right\">1,403<\/td><td class=\"right\">12.00<\/td><td class=\"right\">541<\/td><td class=\"right\">80%<\/td><td class=\"right\">6%<\/td><td class=\"right\">91%<\/td><\/tr>\n    <tr><td class=\"center\">7<\/td><td class=\"right\">2,270<\/td><td class=\"right\">13.45<\/td><td class=\"right\">981<\/td><td class=\"right\">1,260<\/td><td class=\"right\">12.60<\/td><td class=\"right\">510<\/td><td class=\"right\">80%<\/td><td class=\"right\">7%<\/td><td class=\"right\">92%<\/td><\/tr>\n    <tr><td class=\"center\">8<\/td><td class=\"right\">2,049<\/td><td class=\"right\">14.09<\/td><td class=\"right\">928<\/td><td class=\"right\">1,105<\/td><td class=\"right\">13.30<\/td><td class=\"right\">473<\/td><td class=\"right\">85%<\/td><td class=\"right\">6%<\/td><td class=\"right\">96%<\/td><\/tr>\n    <tr><td class=\"center\">9<\/td><td class=\"right\">1,814<\/td><td class=\"right\">14.81<\/td><td class=\"right\">864<\/td><td class=\"right\">947<\/td><td class=\"right\">14.10<\/td><td class=\"right\">429<\/td><td class=\"right\">92%<\/td><td class=\"right\">5%<\/td><td class=\"right\">101%<\/td><\/tr>\n    <tr><td class=\"center\">10<\/td><td class=\"right\">1,594<\/td><td class=\"right\">15.55<\/td><td class=\"right\">797<\/td><td class=\"right\">1,639<\/td><td class=\"right\">9.50<\/td><td class=\"right\">501<\/td><td class=\"right\">-3%<\/td><td class=\"right\">64%<\/td><td class=\"right\">59%<\/td><\/tr>\n  \n\n    <tr><td class=\"inferred\" rowspan=\"8\">Inferred<\/td><td class=\"center\"><b>3<\/b><\/td><td class=\"right\">1,061<\/td><td class=\"right\">8.24<\/td><td class=\"right\">281<\/td><td class=\"right\">1,582<\/td><td class=\"right\">9.80<\/td><td class=\"right\">498<\/td><td class=\"right\">-33%<\/td><td class=\"right\">-16%<\/td><td class=\"right\">-44%<\/td><\/tr>\n    <tr class=\"highlight bold-bg\"><td class=\"center\">4<\/td><td class=\"right\">926<\/td><td class=\"right\">8.93<\/td><td class=\"right\">266<\/td><td class=\"right\">1,483<\/td><td class=\"right\">10.20<\/td><td class=\"right\">486<\/td><td class=\"right\">-38%<\/td><td class=\"right\">-12%<\/td><td class=\"right\">-45%<\/td><\/tr>\n    <tr><td class=\"center\">5<\/td><td class=\"right\">817<\/td><td class=\"right\">9.52<\/td><td class=\"right\">250<\/td><td class=\"right\">1,351<\/td><td class=\"right\">10.70<\/td><td class=\"right\">465<\/td><td class=\"right\">-40%<\/td><td class=\"right\">-11%<\/td><td class=\"right\">-46%<\/td><\/tr>\n    <tr><td class=\"center\">6<\/td><td class=\"right\">706<\/td><td class=\"right\">10.16<\/td><td class=\"right\">231<\/td><td class=\"right\">1,223<\/td><td class=\"right\">11.20<\/td><td class=\"right\">440<\/td><td class=\"right\">-42%<\/td><td class=\"right\">-9%<\/td><td class=\"right\">-48%<\/td><\/tr>\n    <tr><td class=\"center\">7<\/td><td class=\"right\">603<\/td><td class=\"right\">10.78<\/td><td class=\"right\">209<\/td><td class=\"right\">942<\/td><td class=\"right\">12.50<\/td><td class=\"right\">379<\/td><td class=\"right\">-36%<\/td><td class=\"right\">-14%<\/td><td class=\"right\">-45%<\/td><\/tr>\n    <tr><td class=\"center\">8<\/td><td class=\"right\">491<\/td><td class=\"right\">11.52<\/td><td class=\"right\">182<\/td><td class=\"right\">753<\/td><td class=\"right\">13.80<\/td><td class=\"right\">334<\/td><td class=\"right\">-35%<\/td><td class=\"right\">-17%<\/td><td class=\"right\">-46%<\/td><\/tr>\n    <tr><td class=\"center\">9<\/td><td class=\"right\">371<\/td><td class=\"right\">12.51<\/td><td class=\"right\">149<\/td><td class=\"right\">653<\/td><td class=\"right\">14.60<\/td><td class=\"right\">307<\/td><td class=\"right\">-43%<\/td><td class=\"right\">-14%<\/td><td class=\"right\">-51%<\/td><\/tr>\n    <tr><td class=\"center\">10<\/td><td class=\"right\">291<\/td><td class=\"right\">13.33<\/td><td class=\"right\">125<\/td><td class=\"right\">0<\/td><td class=\"right\">0.00<\/td><td class=\"right\">0<\/td><td class=\"right\"> <\/td><td class=\"right\"> <\/td><td class=\"right\"> <\/td><\/tr>\n  <\/table>\n\n  <style>\n    table {\n      border-collapse: collapse;\n      width: 100%;\n      font-family: Arial, sans-serif;\n      font-size: 14px;\n    }\n\n    th, td {\n      border: 1px solid black;\n      padding: 5px 8px;\n    }\n\n    th {\n      background-color: #C78514;\n      text-align: center;\n      font-weight: bold;\n    }\n\n    .subheader {\n      background-color: #C78514;\n      color: white;\n      font-weight: bold;\n      text-align: center;\n    }\n\n    .indicated, .inferred {\n      font-weight: bold;\n      text-align: center;\n    }\n\n    .center {\n      text-align: center;\n    }\n\n    .right {\n      text-align: right;\n    }\n\n    .highlight {\n      background-color: #C78514;\n    }\n    .bold-bg{\n      background-color: #eeeeee !important;\n      font-weight: bold;\n    }\n    .text-white{\n        color: white;\n    }\n  <\/style>\n\n\n\n<p><em><strong>Notas sobre la tabla de recursos:<\/strong><\/em><\/p>\n\n\n\n<ol class=\"wp-block-list\">\n<li>Los recursos minerales no son reservas minerales y no demuestran viabilidad econ\u00f3mica.<\/li>\n\n\n\n<li>No existe certeza de que todos o parte de los recursos minerales se conviertan en reservas minerales.<\/li>\n\n\n\n<li>Los recursos se reportan utilizando los Est\u00e1ndares de Definici\u00f3n del CIM 2014 y se estimaron conforme a las Directrices de Mejores Pr\u00e1cticas del CIM 2019.<\/li>\n\n\n\n<li>The base case Mineral Resource has been confined by &#8220;reasonable prospects of eventual economic extraction&#8221; shape using the following assumptions:\n<ul class=\"wp-block-list\">\n<li>Precio del metal: US$1.750\/oz Au y tipo de cambio de 0,75 US$:CA$.<\/li>\n\n\n\n<li>Metal pagadero: 99% Au.<\/li>\n\n\n\n<li>Costos externos (refinaci\u00f3n, transporte y seguro): US$7\/oz.<\/li>\n\n\n\n<li>Costo de miner\u00eda: CA$82,78\/t.<\/li>\n\n\n\n<li>Costos de procesamiento: CA$105,00\/t y costos G&amp;A y de sitio: CA$66,00\/t.<\/li>\n\n\n\n<li>Recuperaci\u00f3n metal\u00fargica de Au: 90,5%.<\/li>\n<\/ul>\n<\/li>\n\n\n\n<li>La ecuaci\u00f3n de Retorno Neto de Fundici\u00f3n (NSR) resultante es: NSR (CA$\/t) = Au * 90,5% * US$74,72 g\/t.<\/li>\n\n\n\n<li>La gravedad espec\u00edfica es 2,81 para todo el dep\u00f3sito.<\/li>\n\n\n\n<li>El recurso de antimonio se reporta como un subconjunto del recurso mineral total dentro de la forma de miner\u00eda subterr\u00e1nea de 4,0 g\/t Au.<\/li>\n\n\n\n<li>El Sb es un subproducto del procesamiento del Au y, por tanto, se reporta usando la misma clasificaci\u00f3n que el recurso de Au dentro de la forma de 4,0 g\/t Au.<\/li>\n\n\n\n<li>Los valores pueden no coincidir debido al redondeo.<\/li>\n<\/ol>","protected":false},"excerpt":{"rendered":"<p>Sun Valley Investments, the largest shareholder of Canagold Resources Ltd with a 39.27% ownership stake, presents a compelling business case for investing in Canagold, a premier gold exploration and mining company listed on the TSX Main Board under the ticker symbol CCM. Canagold is dedicated to advancing high-grade gold projects in North America, with a [&hellip;]<\/p>\n","protected":false},"author":1,"featured_media":0,"parent":22,"menu_order":0,"comment_status":"closed","ping_status":"closed","template":"","meta":{"footnotes":""},"class_list":["post-443","page","type-page","status-publish","hentry"],"_links":{"self":[{"href":"https:\/\/sunvalleyinv.com\/es\/wp-json\/wp\/v2\/pages\/443","targetHints":{"allow":["GET"]}}],"collection":[{"href":"https:\/\/sunvalleyinv.com\/es\/wp-json\/wp\/v2\/pages"}],"about":[{"href":"https:\/\/sunvalleyinv.com\/es\/wp-json\/wp\/v2\/types\/page"}],"author":[{"embeddable":true,"href":"https:\/\/sunvalleyinv.com\/es\/wp-json\/wp\/v2\/users\/1"}],"replies":[{"embeddable":true,"href":"https:\/\/sunvalleyinv.com\/es\/wp-json\/wp\/v2\/comments?post=443"}],"version-history":[{"count":3,"href":"https:\/\/sunvalleyinv.com\/es\/wp-json\/wp\/v2\/pages\/443\/revisions"}],"predecessor-version":[{"id":1358,"href":"https:\/\/sunvalleyinv.com\/es\/wp-json\/wp\/v2\/pages\/443\/revisions\/1358"}],"up":[{"embeddable":true,"href":"https:\/\/sunvalleyinv.com\/es\/wp-json\/wp\/v2\/pages\/22"}],"wp:attachment":[{"href":"https:\/\/sunvalleyinv.com\/es\/wp-json\/wp\/v2\/media?parent=443"}],"curies":[{"name":"wp","href":"https:\/\/api.w.org\/{rel}","templated":true}]}}